{"id":136,"date":"2018-02-21T07:35:36","date_gmt":"2018-02-21T05:35:36","guid":{"rendered":"http:\/\/metallvikkur.planet.ee\/et\/mesmerize\/"},"modified":"2024-04-21T10:38:43","modified_gmt":"2024-04-21T07:38:43","slug":"mesmerize","status":"publish","type":"page","link":"https:\/\/metallvikkur.planet.ee\/","title":{"rendered":"Front Page"},"content":{"rendered":"<div  id=\"portfolio-3\" style=\"background-color: rgb(255, 255, 255); background-image: none;\" data-label=\"Portfolio\" data-id=\"portfolio-4\" data-export-id=\"portfolio-4\" data-category=\"portfolio\" class=\"portfolio-4 content-section content-section-spacing-top\"> <div  class=\"\"> <div  class=\"row text-center\"> <div  class=\"section-title-col\" data-type=\"column\"> <h2  class=\"\">Tehtud t\u00f6\u00f6d<\/h2>  <\/div> <\/div> <div  data-type=\"row\" class=\"row\">  <div  class=\"col-xs-12 col-sm-3 no-gutter-col\"> <div  class=\"contentswap-effect\" data-hover-fx=\"portfolio-4\"> <div  class=\"initial-image\"> <img  decoding=\"async\" data-size=\"542x360\" src=\"http:\/\/metallvikkur.planet.ee\/wp-content\/uploads\/2018\/02\/cropped-20170605_134643.jpg\"> <\/div> <div  class=\"overlay bg-color1\"><\/div> <div  class=\"swap-inner col-xs-12\"> <div  class=\"row full-height-row middle-xs middle-sm\"> <div  class=\"col-xs-12 text-center content-holder\" data-preview-empty=\"1\"> <a href=\"#\" target=\"_self\" data-reiki-hidden=\"true\" rel=\"noopener\"><i  class=\"fa icon big portfolio-icon fa-search\" aria-hidden=\"true\"><\/i><\/a> <\/div> <\/div> <\/div> <\/div> <\/div> <div  class=\"col-xs-12 col-sm-3 no-gutter-col\"> <div  class=\"contentswap-effect\" data-hover-fx=\"portfolio-4\"> <div  class=\"initial-image\"> <img  decoding=\"async\" data-size=\"542x360\" src=\"http:\/\/metallvikkur.planet.ee\/wp-content\/uploads\/2018\/02\/cropped-20171010_111923.jpg\"> <\/div> <div  class=\"overlay bg-color1\"><\/div> <div  class=\"swap-inner col-xs-12\"> <div  class=\"row full-height-row middle-xs middle-sm\"> <div  class=\"col-xs-12 text-center content-holder\" data-preview-empty=\"1\"> <a href=\"#\" target=\"_self\" data-reiki-hidden=\"true\" rel=\"noopener\"><i  class=\"fa icon big portfolio-icon fa-search\" aria-hidden=\"true\"><\/i><\/a> <\/div> <\/div> <\/div> <\/div> <\/div> <div  class=\"col-xs-12 col-sm-3 no-gutter-col\"> <div  class=\"contentswap-effect\" data-hover-fx=\"portfolio-4\"> <div  class=\"initial-image\"> <img  decoding=\"async\" data-size=\"542x360\" src=\"http:\/\/metallvikkur.planet.ee\/wp-content\/uploads\/2018\/02\/cropped-20170615_193607.jpg\"> <\/div> <div  class=\"overlay bg-color1\"><\/div> <div  class=\"swap-inner col-xs-12\"> <div  class=\"row full-height-row middle-xs middle-sm\"> <div  class=\"col-xs-12 text-center content-holder\" data-preview-empty=\"1\"> <a href=\"#\" target=\"_self\" data-reiki-hidden=\"true\" rel=\"noopener\"><i  class=\"fa icon big portfolio-icon fa-search\" aria-hidden=\"true\"><\/i><\/a> <\/div> <\/div> <\/div> <\/div> <\/div>  <div  class=\"col-xs-12 col-sm-3 no-gutter-col\"> <div  class=\"contentswap-effect\" data-hover-fx=\"portfolio-4\"> <div  class=\"initial-image\"> <img  decoding=\"async\" data-size=\"542x360\" src=\"http:\/\/metallvikkur.planet.ee\/wp-content\/uploads\/2018\/02\/cropped-DSC_0481_2.jpg\"> <\/div> <div  class=\"overlay bg-color1\"><\/div> <div  class=\"swap-inner col-xs-12\"> <div  class=\"row full-height-row middle-xs middle-sm\"> <div  class=\"col-xs-12 text-center content-holder\" data-preview-empty=\"1\"> <a href=\"#\" target=\"_self\" data-reiki-hidden=\"true\" rel=\"noopener\"><i  class=\"fa icon big portfolio-icon fa-search\" aria-hidden=\"true\"><\/i><\/a> <\/div> <\/div> <\/div> <\/div> <\/div> <div  class=\"col-xs-12 col-sm-3 no-gutter-col\"> <div  class=\"contentswap-effect\" data-hover-fx=\"portfolio-4\"> <div  class=\"initial-image\"> <img  decoding=\"async\" data-size=\"542x360\" src=\"http:\/\/metallvikkur.planet.ee\/wp-content\/uploads\/2018\/02\/cropped-20170615_185654.jpg\"> <\/div> <div  class=\"overlay bg-color1\"><\/div> <div  class=\"swap-inner col-xs-12\"> <div  class=\"row full-height-row middle-xs middle-sm\"> <div  class=\"col-xs-12 text-center content-holder\" data-preview-empty=\"1\"> <a href=\"#\" target=\"_self\" data-reiki-hidden=\"true\" rel=\"noopener\"><i  class=\"fa icon big portfolio-icon fa-search\" aria-hidden=\"true\"><\/i><\/a> <\/div> <\/div> <\/div> <\/div> <\/div> <div  class=\"col-xs-12 col-sm-3 no-gutter-col\"> <div  class=\"contentswap-effect\" data-hover-fx=\"portfolio-4\"> <div  class=\"initial-image\"> <img  decoding=\"async\" data-size=\"542x360\" src=\"http:\/\/metallvikkur.planet.ee\/wp-content\/uploads\/2018\/02\/cropped-DSC_0352_3.jpg\"> <\/div> <div  class=\"overlay bg-color1\"><\/div> <div  class=\"swap-inner col-xs-12\"> <div  class=\"row full-height-row middle-xs middle-sm\"> <div  class=\"col-xs-12 text-center content-holder\" data-preview-empty=\"1\"> <a href=\"#\" target=\"_self\" data-reiki-hidden=\"true\" rel=\"noopener\"><i  class=\"fa icon big portfolio-icon fa-search\" aria-hidden=\"true\"><\/i><\/a> <\/div> <\/div> <\/div> <\/div> <\/div> <div  class=\"col-xs-12 col-sm-3 no-gutter-col\"> <div  class=\"contentswap-effect\" data-hover-fx=\"portfolio-4\"> <div  class=\"initial-image\"> <img  decoding=\"async\" data-size=\"542x360\" src=\"http:\/\/metallvikkur.planet.ee\/wp-content\/uploads\/2020\/04\/cropped-20191206_093949.jpg\"> <\/div> <div  class=\"overlay bg-color1\"><\/div> <div  class=\"swap-inner col-xs-12\"> <div  class=\"row full-height-row middle-xs middle-sm\"> <div  class=\"col-xs-12 text-center content-holder\" data-preview-empty=\"1\"> <a href=\"#\" target=\"_self\" data-reiki-hidden=\"true\" rel=\"noopener\"><i  class=\"fa icon big portfolio-icon fa-search\" aria-hidden=\"true\"><\/i><\/a> <\/div> <\/div> <\/div> <\/div> <\/div><div  class=\"col-xs-12 col-sm-3 no-gutter-col\"> <div  class=\"contentswap-effect\" data-hover-fx=\"portfolio-4\"> <div  class=\"initial-image\"> <img  decoding=\"async\" data-size=\"542x360\" src=\"http:\/\/metallvikkur.planet.ee\/wp-content\/uploads\/2020\/04\/cropped-20191206_093847.jpg\"> <\/div> <div  class=\"overlay bg-color1\"><\/div> <div  class=\"swap-inner col-xs-12\"> <div  class=\"row full-height-row middle-xs middle-sm\"> <div  class=\"col-xs-12 text-center content-holder\" data-preview-empty=\"1\"> <a href=\"#\" target=\"_self\" data-reiki-hidden=\"true\" rel=\"noopener\"><i  class=\"fa icon big portfolio-icon fa-search\" aria-hidden=\"true\"><\/i><\/a> <\/div> <\/div> <\/div> <\/div> <\/div><\/div> <\/div> <\/div><div  data-label=\"TELLIMINE\" data-id=\"contact-1\" data-export-id=\"contact-1\" data-category=\"contact\" class=\"contact-1 content-section content-section-spacing white-text\" data-parallax-depth=\"20\" id=\"tellimine\" style=\"background-color: rgb(255, 255, 255); background-image: url(&quot;http:\/\/metallvikkur.planet.ee\/wp-content\/uploads\/2016\/02\/002.jpg&quot;); background-size: cover; background-position: center top;\"> <div  class=\"gridContainer\"> <div  class=\"row text-center\"> <div  class=\"section-title-col\" data-type=\"column\"> <h2  class=\"\"> K\u00fcsi pakkumist<\/h2>  <\/div> <\/div> <div  class=\"row text-center\"> <div  class=\"col-xs-12 col-sm-8 col-sm-offset-2 contact-form-wrapper inline-info\"> <div  class=\"card large-padding\"> <div  class=\"\" data-content-shortcode=\"mesmerize_contact_form shortcode=&quot;contact-form-7 id=&amp;amp;quot;138&amp;amp;quot; title=&amp;amp;quot;Kontaktivorm 1&amp;amp;quot;&quot;\" data-editable=\"true\">\n<div class=\"wpcf7 no-js\" id=\"wpcf7-f138-o1\" lang=\"et\" dir=\"ltr\">\n<div class=\"screen-reader-response\"><p role=\"status\" aria-live=\"polite\" aria-atomic=\"true\"><\/p> <ul><\/ul><\/div>\n<form action=\"\/index.php?rest_route=%2Fwp%2Fv2%2Fpages%2F136#wpcf7-f138-o1\" method=\"post\" class=\"wpcf7-form init\" aria-label=\"Contact form\" novalidate=\"novalidate\" data-status=\"init\">\n<div style=\"display: none;\">\n<input type=\"hidden\" name=\"_wpcf7\" value=\"138\" \/>\n<input type=\"hidden\" name=\"_wpcf7_version\" value=\"5.9.3\" \/>\n<input type=\"hidden\" name=\"_wpcf7_locale\" value=\"et\" \/>\n<input type=\"hidden\" name=\"_wpcf7_unit_tag\" value=\"wpcf7-f138-o1\" \/>\n<input type=\"hidden\" name=\"_wpcf7_container_post\" value=\"0\" \/>\n<input type=\"hidden\" name=\"_wpcf7_posted_data_hash\" value=\"\" \/>\n<\/div>\n<p><label> Nimi (n\u00f5utav)<br \/>\n<span class=\"wpcf7-form-control-wrap\" data-name=\"your-name\"><input size=\"40\" class=\"wpcf7-form-control wpcf7-text wpcf7-validates-as-required\" aria-required=\"true\" aria-invalid=\"false\" value=\"\" type=\"text\" name=\"your-name\" \/><\/span> <\/label>\n<\/p>\n<p><label> Email (n\u00f5utav)<br \/>\n<span class=\"wpcf7-form-control-wrap\" data-name=\"your-email\"><input size=\"40\" class=\"wpcf7-form-control wpcf7-email wpcf7-validates-as-required wpcf7-text wpcf7-validates-as-email\" aria-required=\"true\" aria-invalid=\"false\" value=\"\" type=\"email\" name=\"your-email\" \/><\/span> <\/label>\n<\/p>\n<p><label> Pealkiri<br \/>\n<span class=\"wpcf7-form-control-wrap\" data-name=\"your-subject\"><input size=\"40\" class=\"wpcf7-form-control wpcf7-text\" aria-invalid=\"false\" value=\"\" type=\"text\" name=\"your-subject\" \/><\/span> <\/label>\n<\/p>\n<p><label> Teade<br \/>\n<span class=\"wpcf7-form-control-wrap\" data-name=\"your-message\"><textarea cols=\"40\" rows=\"10\" class=\"wpcf7-form-control wpcf7-textarea\" aria-invalid=\"false\" name=\"your-message\"><\/textarea><\/span> <\/label>\n<\/p>\n<p><input class=\"wpcf7-form-control wpcf7-submit has-spinner\" type=\"submit\" value=\"Saada\" \/>\n<\/p><div class=\"wpcf7-response-output\" aria-hidden=\"true\"><\/div>\n<\/form>\n<\/div>\n<\/div> <\/div> <\/div> <\/div> <\/div> <\/div>","protected":false},"excerpt":{"rendered":"<p>Tehtud t\u00f6\u00f6d K\u00fcsi pakkumist<\/p>\n","protected":false},"author":2,"featured_media":0,"parent":0,"menu_order":0,"comment_status":"closed","ping_status":"closed","template":"page-templates\/homepage.php","meta":{"footnotes":""},"yoast_head":"<!-- This site is optimized with the Yoast SEO plugin v22.5 - https:\/\/yoast.com\/wordpress\/plugins\/seo\/ -->\n<title>Front Page - Viilhallid<\/title>\n<meta name=\"robots\" content=\"index, follow, max-snippet:-1, max-image-preview:large, max-video-preview:-1\" \/>\n<link rel=\"canonical\" href=\"https:\/\/metallvikkur.planet.ee\/\" \/>\n<meta property=\"og:locale\" content=\"et_EE\" \/>\n<meta property=\"og:type\" content=\"article\" \/>\n<meta property=\"og:title\" content=\"Front Page - Viilhallid\" \/>\n<meta property=\"og:description\" content=\"Tehtud t\u00f6\u00f6d K\u00fcsi pakkumist\" \/>\n<meta property=\"og:url\" content=\"https:\/\/metallvikkur.planet.ee\/\" \/>\n<meta property=\"og:site_name\" content=\"Viilhallid\" \/>\n<meta property=\"article:modified_time\" content=\"2024-04-21T07:38:43+00:00\" \/>\n<meta property=\"og:image\" content=\"http:\/\/metallvikkur.planet.ee\/wp-content\/uploads\/2018\/02\/cropped-20170605_134643.jpg\" \/>\n<meta name=\"twitter:card\" content=\"summary_large_image\" \/>\n<script type=\"application\/ld+json\" class=\"yoast-schema-graph\">{\"@context\":\"https:\/\/schema.org\",\"@graph\":[{\"@type\":\"WebPage\",\"@id\":\"https:\/\/metallvikkur.planet.ee\/\",\"url\":\"https:\/\/metallvikkur.planet.ee\/\",\"name\":\"Front Page - Viilhallid\",\"isPartOf\":{\"@id\":\"https:\/\/metallvikkur.planet.ee\/#website\"},\"primaryImageOfPage\":{\"@id\":\"https:\/\/metallvikkur.planet.ee\/#primaryimage\"},\"image\":{\"@id\":\"https:\/\/metallvikkur.planet.ee\/#primaryimage\"},\"thumbnailUrl\":\"http:\/\/metallvikkur.planet.ee\/wp-content\/uploads\/2018\/02\/cropped-20170605_134643.jpg\",\"datePublished\":\"2018-02-21T05:35:36+00:00\",\"dateModified\":\"2024-04-21T07:38:43+00:00\",\"inLanguage\":\"et\",\"potentialAction\":[{\"@type\":\"ReadAction\",\"target\":[\"https:\/\/metallvikkur.planet.ee\/\"]}]},{\"@type\":\"ImageObject\",\"inLanguage\":\"et\",\"@id\":\"https:\/\/metallvikkur.planet.ee\/#primaryimage\",\"url\":\"https:\/\/metallvikkur.planet.ee\/wp-content\/uploads\/2018\/02\/cropped-20170605_134643.jpg\",\"contentUrl\":\"https:\/\/metallvikkur.planet.ee\/wp-content\/uploads\/2018\/02\/cropped-20170605_134643.jpg\",\"width\":542,\"height\":360},{\"@type\":\"WebSite\",\"@id\":\"https:\/\/metallvikkur.planet.ee\/#website\",\"url\":\"https:\/\/metallvikkur.planet.ee\/\",\"name\":\"Viilhallid | Metallkonstruktsioonide tootmine ja paigaldus\",\"description\":\"Teostame t\u00f6id vastavalt teie soovile | Meie ettev\u00f5te on spetsialiseerunud kvaliteetsete metallkonstruktsioonide tootmisele ja professionaalsele paigaldamisele, pakkudes klientidele usaldusv\u00e4\u00e4rseid lahendusi nende ehituslike vajaduste t\u00e4itmiseks.\",\"publisher\":{\"@id\":\"https:\/\/metallvikkur.planet.ee\/#organization\"},\"alternateName\":\"Viilhallid\",\"potentialAction\":[{\"@type\":\"SearchAction\",\"target\":{\"@type\":\"EntryPoint\",\"urlTemplate\":\"https:\/\/metallvikkur.planet.ee\/?s={search_term_string}\"},\"query-input\":\"required name=search_term_string\"}],\"inLanguage\":\"et\"},{\"@type\":\"Organization\",\"@id\":\"https:\/\/metallvikkur.planet.ee\/#organization\",\"name\":\"Viilhallid | Metallkonstruktsioonide tootmine ja paigaldus\",\"alternateName\":\"Viilhallid\",\"url\":\"https:\/\/metallvikkur.planet.ee\/\",\"logo\":{\"@type\":\"ImageObject\",\"inLanguage\":\"et\",\"@id\":\"https:\/\/metallvikkur.planet.ee\/#\/schema\/logo\/image\/\",\"url\":\"https:\/\/metallvikkur.planet.ee\/wp-content\/uploads\/2024\/04\/logo.png\",\"contentUrl\":\"https:\/\/metallvikkur.planet.ee\/wp-content\/uploads\/2024\/04\/logo.png\",\"width\":185,\"height\":55,\"caption\":\"Viilhallid | Metallkonstruktsioonide tootmine ja paigaldus\"},\"image\":{\"@id\":\"https:\/\/metallvikkur.planet.ee\/#\/schema\/logo\/image\/\"}}]}<\/script>\n<!-- \/ Yoast SEO plugin. -->","yoast_head_json":{"title":"Front Page - Viilhallid","robots":{"index":"index","follow":"follow","max-snippet":"max-snippet:-1","max-image-preview":"max-image-preview:large","max-video-preview":"max-video-preview:-1"},"canonical":"https:\/\/metallvikkur.planet.ee\/","og_locale":"et_EE","og_type":"article","og_title":"Front Page - Viilhallid","og_description":"Tehtud t\u00f6\u00f6d K\u00fcsi pakkumist","og_url":"https:\/\/metallvikkur.planet.ee\/","og_site_name":"Viilhallid","article_modified_time":"2024-04-21T07:38:43+00:00","og_image":[{"url":"http:\/\/metallvikkur.planet.ee\/wp-content\/uploads\/2018\/02\/cropped-20170605_134643.jpg"}],"twitter_card":"summary_large_image","schema":{"@context":"https:\/\/schema.org","@graph":[{"@type":"WebPage","@id":"https:\/\/metallvikkur.planet.ee\/","url":"https:\/\/metallvikkur.planet.ee\/","name":"Front Page - Viilhallid","isPartOf":{"@id":"https:\/\/metallvikkur.planet.ee\/#website"},"primaryImageOfPage":{"@id":"https:\/\/metallvikkur.planet.ee\/#primaryimage"},"image":{"@id":"https:\/\/metallvikkur.planet.ee\/#primaryimage"},"thumbnailUrl":"http:\/\/metallvikkur.planet.ee\/wp-content\/uploads\/2018\/02\/cropped-20170605_134643.jpg","datePublished":"2018-02-21T05:35:36+00:00","dateModified":"2024-04-21T07:38:43+00:00","inLanguage":"et","potentialAction":[{"@type":"ReadAction","target":["https:\/\/metallvikkur.planet.ee\/"]}]},{"@type":"ImageObject","inLanguage":"et","@id":"https:\/\/metallvikkur.planet.ee\/#primaryimage","url":"https:\/\/metallvikkur.planet.ee\/wp-content\/uploads\/2018\/02\/cropped-20170605_134643.jpg","contentUrl":"https:\/\/metallvikkur.planet.ee\/wp-content\/uploads\/2018\/02\/cropped-20170605_134643.jpg","width":542,"height":360},{"@type":"WebSite","@id":"https:\/\/metallvikkur.planet.ee\/#website","url":"https:\/\/metallvikkur.planet.ee\/","name":"Viilhallid | Metallkonstruktsioonide tootmine ja paigaldus","description":"Teostame t\u00f6id vastavalt teie soovile | Meie ettev\u00f5te on spetsialiseerunud kvaliteetsete metallkonstruktsioonide tootmisele ja professionaalsele paigaldamisele, pakkudes klientidele usaldusv\u00e4\u00e4rseid lahendusi nende ehituslike vajaduste t\u00e4itmiseks.","publisher":{"@id":"https:\/\/metallvikkur.planet.ee\/#organization"},"alternateName":"Viilhallid","potentialAction":[{"@type":"SearchAction","target":{"@type":"EntryPoint","urlTemplate":"https:\/\/metallvikkur.planet.ee\/?s={search_term_string}"},"query-input":"required name=search_term_string"}],"inLanguage":"et"},{"@type":"Organization","@id":"https:\/\/metallvikkur.planet.ee\/#organization","name":"Viilhallid | Metallkonstruktsioonide tootmine ja paigaldus","alternateName":"Viilhallid","url":"https:\/\/metallvikkur.planet.ee\/","logo":{"@type":"ImageObject","inLanguage":"et","@id":"https:\/\/metallvikkur.planet.ee\/#\/schema\/logo\/image\/","url":"https:\/\/metallvikkur.planet.ee\/wp-content\/uploads\/2024\/04\/logo.png","contentUrl":"https:\/\/metallvikkur.planet.ee\/wp-content\/uploads\/2024\/04\/logo.png","width":185,"height":55,"caption":"Viilhallid | Metallkonstruktsioonide tootmine ja paigaldus"},"image":{"@id":"https:\/\/metallvikkur.planet.ee\/#\/schema\/logo\/image\/"}}]}},"_links":{"self":[{"href":"https:\/\/metallvikkur.planet.ee\/index.php?rest_route=\/wp\/v2\/pages\/136"}],"collection":[{"href":"https:\/\/metallvikkur.planet.ee\/index.php?rest_route=\/wp\/v2\/pages"}],"about":[{"href":"https:\/\/metallvikkur.planet.ee\/index.php?rest_route=\/wp\/v2\/types\/page"}],"author":[{"embeddable":true,"href":"https:\/\/metallvikkur.planet.ee\/index.php?rest_route=\/wp\/v2\/users\/2"}],"replies":[{"embeddable":true,"href":"https:\/\/metallvikkur.planet.ee\/index.php?rest_route=%2Fwp%2Fv2%2Fcomments&post=136"}],"version-history":[{"count":16,"href":"https:\/\/metallvikkur.planet.ee\/index.php?rest_route=\/wp\/v2\/pages\/136\/revisions"}],"predecessor-version":[{"id":329,"href":"https:\/\/metallvikkur.planet.ee\/index.php?rest_route=\/wp\/v2\/pages\/136\/revisions\/329"}],"wp:attachment":[{"href":"https:\/\/metallvikkur.planet.ee\/index.php?rest_route=%2Fwp%2Fv2%2Fmedia&parent=136"}],"curies":[{"name":"wp","href":"https:\/\/api.w.org\/{rel}","templated":true}]}}